{"id":23011,"date":"2026-02-05T08:55:01","date_gmt":"2026-02-05T08:55:01","guid":{"rendered":"https:\/\/corfuparagliding.com\/services-corfu-paragliding-tandem-flights\/"},"modified":"2026-02-24T12:00:32","modified_gmt":"2026-02-24T12:00:32","slug":"paragliding-leistungen-auf-korfu","status":"publish","type":"page","link":"https:\/\/corfuparagliding.com\/de\/paragliding-leistungen-auf-korfu\/","title":{"rendered":"Paragliding-Leistungen auf Korfu"},"content":{"rendered":"\t\t<div data-elementor-type=\"wp-page\" data-elementor-id=\"23011\" class=\"elementor elementor-23011 elementor-22475\">\n\t\t\t\t\t\t<section class=\"elementor-section elementor-top-section elementor-element elementor-element-5558bb75 scheme_dark elementor-section-height-min-height elementor-section-boxed elementor-section-height-default elementor-section-items-middle sc_fly_static\" data-id=\"5558bb75\" data-element_type=\"section\" data-e-type=\"section\" data-settings=\"{&quot;background_background&quot;:&quot;classic&quot;}\">\n\t\t\t\t\t\t\t<div class=\"elementor-background-overlay\"><\/div>\n\t\t\t\t\t\t\t<div class=\"elementor-container elementor-column-gap-default\">\n\t\t\t\t\t<div class=\"elementor-column elementor-col-100 elementor-top-column elementor-element elementor-element-3df53819 sc_layouts_column_align_center sc_layouts_column sc-mobile_layouts_column_align_center sc_layouts_column sc_content_align_inherit sc_layouts_column_icons_position_left sc_fly_static\" data-id=\"3df53819\" data-element_type=\"column\" data-e-type=\"column\">\n\t\t\t<div class=\"elementor-widget-wrap elementor-element-populated\">\n\t\t\t\t\t\t<div class=\"elementor-element elementor-element-42555d16 elementor-widget__width-initial sc_fly_static elementor-widget elementor-widget-trx_sc_title\" data-id=\"42555d16\" data-element_type=\"widget\" data-e-type=\"widget\" data-widget_type=\"trx_sc_title.default\">\n\t\t\t\t<div class=\"elementor-widget-container\">\n\t\t\t\t\t<div\t\tclass=\"sc_title sc_title_default\" ><span class=\"sc_item_subtitle sc_title_subtitle sc_align_center sc_item_subtitle_above sc_item_title_style_default\">Korfu Paragliding<\/span><h1 class=\"sc_item_title sc_title_title sc_align_center sc_item_title_style_default sc_item_title_tag\"\n\t\t\t><span class=\"sc_item_title_text\">Tandemfl\u00fcge auf Korfu<\/span><\/h1><\/div>\t\t\t\t<\/div>\n\t\t\t\t<\/div>\n\t\t\t\t\t<\/div>\n\t\t<\/div>\n\t\t\t\t\t<\/div>\n\t\t<\/section>\n\t\t\t\t<section class=\"elementor-section elementor-top-section elementor-element elementor-element-4017d13d elementor-section-boxed elementor-section-height-default elementor-section-height-default sc_fly_static\" data-id=\"4017d13d\" data-element_type=\"section\" data-e-type=\"section\" data-settings=\"{&quot;background_background&quot;:&quot;classic&quot;}\">\n\t\t\t\t\t\t<div class=\"elementor-container elementor-column-gap-extended\">\n\t\t\t\t\t<div class=\"elementor-column elementor-col-33 elementor-top-column elementor-element elementor-element-306c0beb sc_content_align_inherit sc_layouts_column_icons_position_left sc_fly_static\" data-id=\"306c0beb\" data-element_type=\"column\" data-e-type=\"column\">\n\t\t\t<div class=\"elementor-widget-wrap\">\n\t\t\t\t\t\t\t<\/div>\n\t\t<\/div>\n\t\t\t\t<div class=\"elementor-column elementor-col-33 elementor-top-column elementor-element elementor-element-cc20bf1 sc_content_align_inherit sc_layouts_column_icons_position_left sc_fly_static\" data-id=\"cc20bf1\" data-element_type=\"column\" data-e-type=\"column\">\n\t\t\t<div class=\"elementor-widget-wrap elementor-element-populated\">\n\t\t\t\t\t\t<section class=\"elementor-section elementor-inner-section elementor-element elementor-element-a6fa2bc elementor-section-boxed elementor-section-height-default elementor-section-height-default sc_fly_static\" data-id=\"a6fa2bc\" data-element_type=\"section\" data-e-type=\"section\">\n\t\t\t\t\t\t<div class=\"elementor-container elementor-column-gap-no\">\n\t\t\t\t\t<div class=\"elementor-column elementor-col-100 elementor-inner-column elementor-element elementor-element-e458621 sc_content_align_inherit sc_layouts_column_icons_position_left sc_fly_static\" data-id=\"e458621\" data-element_type=\"column\" data-e-type=\"column\">\n\t\t\t<div class=\"elementor-widget-wrap elementor-element-populated\">\n\t\t\t\t\t\t<div class=\"elementor-element elementor-element-ffa2308 sc_fly_static elementor-widget elementor-widget-trx_sc_title\" data-id=\"ffa2308\" data-element_type=\"widget\" data-e-type=\"widget\" data-widget_type=\"trx_sc_title.default\">\n\t\t\t\t<div class=\"elementor-widget-container\">\n\t\t\t\t\t<div\t\tclass=\"sc_title sc_title_default\" ><span class=\"sc_item_subtitle sc_title_subtitle sc_item_subtitle_above sc_item_title_style_default sc_item_subtitle_with_custom_color trx_addons_inline_2098715415\">Was wir tun<\/span><h2 class=\"sc_item_title sc_title_title sc_item_title_style_default sc_item_title_tag\"\n\t\t\t><span class=\"sc_item_title_text\">Unsere Leistungen<\/span><\/h2><\/div>\t\t\t\t<\/div>\n\t\t\t\t<\/div>\n\t\t\t\t\t<\/div>\n\t\t<\/div>\n\t\t\t\t\t<\/div>\n\t\t<\/section>\n\t\t\t\t<div class=\"elementor-element elementor-element-e220b63 elementor-widget__width-initial sc_fly_static elementor-widget elementor-widget-text-editor\" data-id=\"e220b63\" data-element_type=\"widget\" data-e-type=\"widget\" data-widget_type=\"text-editor.default\">\n\t\t\t\t<div class=\"elementor-widget-container\">\n\t\t\t\t\t\t\t\t\t<p>Tandem-Paragliding ist f\u00fcr alle geeignet \u2013 es sind keine Vorkenntnisse oder besonderen F\u00e4higkeiten erforderlich. Ob es dein erster Flug, ein Familienabenteuer oder ein einmaliges Erlebnis ist, unsere zertifizierten Piloten k\u00fcmmern sich um alles, w\u00e4hrend du dich entspannst und die Aussicht genie\u00dft.<\/p>\t\t\t\t\t\t\t\t<\/div>\n\t\t\t\t<\/div>\n\t\t\t\t<section class=\"elementor-section elementor-inner-section elementor-element elementor-element-0c27cbc elementor-section-boxed elementor-section-height-default elementor-section-height-default sc_fly_static\" data-id=\"0c27cbc\" data-element_type=\"section\" data-e-type=\"section\">\n\t\t\t\t\t\t<div class=\"elementor-container elementor-column-gap-no\">\n\t\t\t\t\t<div class=\"elementor-column elementor-col-100 elementor-inner-column elementor-element elementor-element-3229a9d sc_content_align_inherit sc_layouts_column_icons_position_left sc_fly_static\" data-id=\"3229a9d\" data-element_type=\"column\" data-e-type=\"column\">\n\t\t\t<div class=\"elementor-widget-wrap elementor-element-populated\">\n\t\t\t\t\t\t<div class=\"elementor-element elementor-element-2fcb73e sc_height_small sc_fly_static elementor-widget elementor-widget-spacer\" data-id=\"2fcb73e\" data-element_type=\"widget\" data-e-type=\"widget\" data-widget_type=\"spacer.default\">\n\t\t\t\t<div class=\"elementor-widget-container\">\n\t\t\t\t\t\t\t<div class=\"elementor-spacer\">\n\t\t\t<div class=\"elementor-spacer-inner\"><\/div>\n\t\t<\/div>\n\t\t\t\t\t\t<\/div>\n\t\t\t\t<\/div>\n\t\t\t\t\t<\/div>\n\t\t<\/div>\n\t\t\t\t\t<\/div>\n\t\t<\/section>\n\t\t\t\t<section class=\"elementor-section elementor-inner-section elementor-element elementor-element-7bacdcc elementor-section-boxed elementor-section-height-default elementor-section-height-default sc_fly_static\" data-id=\"7bacdcc\" data-element_type=\"section\" data-e-type=\"section\">\n\t\t\t\t\t\t<div class=\"elementor-container elementor-column-gap-no\">\n\t\t\t\t\t<div class=\"elementor-column elementor-col-100 elementor-inner-column elementor-element elementor-element-54bf240 sc_extra_bg_extra_left sc_content_align_inherit sc_layouts_column_icons_position_left sc_fly_static\" data-id=\"54bf240\" data-element_type=\"column\" data-e-type=\"column\" data-settings=\"{&quot;background_background&quot;:&quot;classic&quot;}\">\n\t\t\t<div class=\"elementor-widget-wrap elementor-element-populated\">\n\t\t\t\t\t\t<div class=\"elementor-element elementor-element-783973b sc_fly_static elementor-widget elementor-widget-trx_sc_services\" data-id=\"783973b\" data-element_type=\"widget\" data-e-type=\"widget\" data-widget_type=\"trx_sc_services.default\">\n\t\t\t\t<div class=\"elementor-widget-container\">\n\t\t\t\t\t<div class=\"sc_services sc_services_strong sc_services_featured_top\"><div class=\"sc_services_columns_wrap sc_item_columns sc_item_posts_container sc_item_columns_2 trx_addons_columns_wrap columns_padding_bottom\"><div class=\"trx_addons_column-1_2 trx_addons_column-1_2-mobile\"><div data-post-id=\"23133\" class=\"sc_services_item sc_item_container post_container without_content with_image with_number post-23133 cpt_services type-cpt_services status-publish has-post-thumbnail hentry cpt_services_group-our-services\">\n\t\t<div class=\"sc_services_item_content \" style=\"background-image: url(https:\/\/corfuparagliding.com\/wp-content\/uploads\/2020\/04\/tandem-flights-1-840x910.jpg);\">\n\t\t\t\t<div class=\"sc_services_item_content_inner\"><div class=\"sc_services_item_content_inner_top\"><span class=\"sc_services_item_number\">01.<\/span><\/div><div class=\"sc_services_item_content_inner_bottom\">\n                <h6 class=\"sc_services_item_title\"><a href=\"https:\/\/corfuparagliding.com\/de\/services\/tandemfluege-auf-korfu\/\">Tandemfl\u00fcge auf Korfu<\/a><\/h6>\n                <\/div><\/div><a class=\"sc_services_item_link\" href=\"https:\/\/corfuparagliding.com\/de\/services\/tandemfluege-auf-korfu\/\"><\/a><\/div><\/div><\/div><div class=\"trx_addons_column-1_2 trx_addons_column-1_2-mobile\"><div data-post-id=\"23151\" class=\"sc_services_item sc_item_container post_container without_content with_image with_number post-23151 cpt_services type-cpt_services status-publish has-post-thumbnail hentry cpt_services_group-our-services\">\n\t\t<div class=\"sc_services_item_content \" style=\"background-image: url(https:\/\/corfuparagliding.com\/wp-content\/uploads\/2020\/04\/paratrike-840x910.jpg);\">\n\t\t\t\t<div class=\"sc_services_item_content_inner\"><div class=\"sc_services_item_content_inner_top\"><span class=\"sc_services_item_number\">02.<\/span><\/div><div class=\"sc_services_item_content_inner_bottom\">\n                <h6 class=\"sc_services_item_title\"><a href=\"https:\/\/corfuparagliding.com\/de\/services\/paratrike-fluge-auf-korfu\/\">Paratrike-Fl\u00fcge auf Korfu<\/a><\/h6>\n                <\/div><\/div><a class=\"sc_services_item_link\" href=\"https:\/\/corfuparagliding.com\/de\/services\/paratrike-fluge-auf-korfu\/\"><\/a><\/div><\/div><\/div><div class=\"trx_addons_column-1_2 trx_addons_column-1_2-mobile\"><div data-post-id=\"23169\" class=\"sc_services_item sc_item_container post_container without_content with_image with_number post-23169 cpt_services type-cpt_services status-publish has-post-thumbnail hentry cpt_services_group-our-services\">\n\t\t<div class=\"sc_services_item_content \" style=\"background-image: url(https:\/\/corfuparagliding.com\/wp-content\/uploads\/2020\/04\/sunset-paratrike-840x910.jpg);\">\n\t\t\t\t<div class=\"sc_services_item_content_inner\"><div class=\"sc_services_item_content_inner_top\"><span class=\"sc_services_item_number\">03.<\/span><\/div><div class=\"sc_services_item_content_inner_bottom\">\n                <h6 class=\"sc_services_item_title\"><a href=\"https:\/\/corfuparagliding.com\/de\/services\/sonnenuntergangs-paratrike-flug-auf-korfu\/\">Sonnenuntergangs Paratrike Flug auf Korfu<\/a><\/h6>\n                <\/div><\/div><a class=\"sc_services_item_link\" href=\"https:\/\/corfuparagliding.com\/de\/services\/sonnenuntergangs-paratrike-flug-auf-korfu\/\"><\/a><\/div><\/div><\/div><div class=\"trx_addons_column-1_2 trx_addons_column-1_2-mobile\"><div data-post-id=\"23184\" class=\"sc_services_item sc_item_container post_container without_content with_image with_number post-23184 cpt_services type-cpt_services status-publish has-post-thumbnail hentry cpt_services_group-our-services\">\n\t\t<div class=\"sc_services_item_content \" style=\"background-image: url(https:\/\/corfuparagliding.com\/wp-content\/uploads\/2023\/09\/vip-paratrike-1-840x910.jpg);\">\n\t\t\t\t<div class=\"sc_services_item_content_inner\"><div class=\"sc_services_item_content_inner_top\"><span class=\"sc_services_item_number\">04.<\/span><\/div><div class=\"sc_services_item_content_inner_bottom\">\n                <h6 class=\"sc_services_item_title\"><a href=\"https:\/\/corfuparagliding.com\/de\/services\/vip-paratrike-flug-auf-korfu\/\">VIP Paratrike Flug auf Korfu<\/a><\/h6>\n                <\/div><\/div><a class=\"sc_services_item_link\" href=\"https:\/\/corfuparagliding.com\/de\/services\/vip-paratrike-flug-auf-korfu\/\"><\/a><\/div><\/div><\/div><\/div><\/div>\t\t\t\t<\/div>\n\t\t\t\t<\/div>\n\t\t\t\t\t<\/div>\n\t\t<\/div>\n\t\t\t\t\t<\/div>\n\t\t<\/section>\n\t\t\t\t\t<\/div>\n\t\t<\/div>\n\t\t\t\t<div class=\"elementor-column elementor-col-33 elementor-top-column elementor-element elementor-element-c8ff249 sc_content_align_inherit sc_layouts_column_icons_position_left sc_fly_static\" data-id=\"c8ff249\" data-element_type=\"column\" data-e-type=\"column\">\n\t\t\t<div class=\"elementor-widget-wrap\">\n\t\t\t\t\t\t\t<\/div>\n\t\t<\/div>\n\t\t\t\t\t<\/div>\n\t\t<\/section>\n\t\t\t\t<section class=\"elementor-section elementor-top-section elementor-element elementor-element-6740e578 elementor-section-content-middle scheme_dark elementor-section-boxed elementor-section-height-default elementor-section-height-default sc_fly_static\" data-id=\"6740e578\" data-element_type=\"section\" data-e-type=\"section\" data-settings=\"{&quot;background_background&quot;:&quot;classic&quot;}\">\n\t\t\t\t\t\t\t<div class=\"elementor-background-overlay\"><\/div>\n\t\t\t\t\t\t\t<div class=\"elementor-container elementor-column-gap-extended\">\n\t\t\t\t\t<div class=\"elementor-column elementor-col-100 elementor-top-column elementor-element elementor-element-2b90740a sc-mobile_content_align_center sc-mobile_layouts_column_align_center sc_layouts_column sc-tablet_layouts_column_align_center sc_layouts_column sc_content_align_inherit sc_layouts_column_icons_position_left sc_fly_static\" data-id=\"2b90740a\" data-element_type=\"column\" data-e-type=\"column\">\n\t\t\t<div class=\"elementor-widget-wrap elementor-element-populated\">\n\t\t\t\t\t\t<div class=\"elementor-element elementor-element-d544546 sc_height_huge sc_fly_static elementor-widget elementor-widget-spacer\" data-id=\"d544546\" data-element_type=\"widget\" data-e-type=\"widget\" data-widget_type=\"spacer.default\">\n\t\t\t\t<div class=\"elementor-widget-container\">\n\t\t\t\t\t\t\t<div class=\"elementor-spacer\">\n\t\t\t<div class=\"elementor-spacer-inner\"><\/div>\n\t\t<\/div>\n\t\t\t\t\t\t<\/div>\n\t\t\t\t<\/div>\n\t\t\t\t<div class=\"elementor-element elementor-element-2a1488dd sc_layouts_hide_on_notebook sc_layouts_hide_on_tablet sc_layouts_hide_on_mobile sc_fly_static elementor-widget elementor-widget-spacer\" data-id=\"2a1488dd\" data-element_type=\"widget\" data-e-type=\"widget\" data-widget_type=\"spacer.default\">\n\t\t\t\t<div class=\"elementor-widget-container\">\n\t\t\t\t\t\t\t<div class=\"elementor-spacer\">\n\t\t\t<div class=\"elementor-spacer-inner\"><\/div>\n\t\t<\/div>\n\t\t\t\t\t\t<\/div>\n\t\t\t\t<\/div>\n\t\t\t\t<div class=\"elementor-element elementor-element-132d2208 elementor-widget__width-initial sc_fly_static elementor-widget elementor-widget-trx_sc_title\" data-id=\"132d2208\" data-element_type=\"widget\" data-e-type=\"widget\" data-widget_type=\"trx_sc_title.default\">\n\t\t\t\t<div class=\"elementor-widget-container\">\n\t\t\t\t\t<div\t\tclass=\"sc_title sc_title_default\" ><h2 class=\"sc_item_title sc_title_title sc_item_title_style_default sc_item_title_tag\"\n\t\t\t><span class=\"sc_item_title_text\">Dein Abenteuer wartet\n<\/span><\/h2><div class=\"sc_item_descr sc_title_descr sc_item_descr_with_custom_color trx_addons_inline_335636665\"><p>Reserviere deinen Tandemflug und erlebe das ultimative Abenteuer \u00fcber den H\u00fcgeln,<br \/>\nStr\u00e4nden und der K\u00fcste von Korfu.<\/p>\n<\/div><\/div>\t\t\t\t<\/div>\n\t\t\t\t<\/div>\n\t\t\t\t<div class=\"elementor-element elementor-element-363203d9 elementor-widget__width-auto elementor-widget-tablet__width-inherit sc_fly_static elementor-widget elementor-widget-trx_sc_button\" data-id=\"363203d9\" data-element_type=\"widget\" data-e-type=\"widget\" data-widget_type=\"trx_sc_button.default\">\n\t\t\t\t<div class=\"elementor-widget-container\">\n\t\t\t\t\t<div\tclass=\"sc_item_button sc_button_wrap sc_button_multiple\" ><a href=\"tel:+306931959043\" class=\"sc_button sc_button_simple sc_button_multiple_item button_bg_icon_color sc_button_size_large sc_button_with_icon sc_button_icon_left color_style_dark\" ><span class=\"sc_button_icon\"><span class=\"icon-call\"><\/span><\/span><span class=\"sc_button_text\"><span class=\"sc_button_title\">+30 693 195 9043<\/span><\/span><\/a><a href=\"https:\/\/corfuparagliding.com\/de\/buche-deinen-tandemflug-auf-korfu\/\" class=\"sc_button sc_button_default sc_button_multiple_item sc_button_size_large sc_button_icon_left color_style_dark\" ><span class=\"sc_button_text\"><span class=\"sc_button_title\">Jetzt buchen<\/span><\/span><\/a><\/div>\t\t\t\t<\/div>\n\t\t\t\t<\/div>\n\t\t\t\t<div class=\"elementor-element elementor-element-cfabe9e sc_layouts_hide_on_notebook sc_layouts_hide_on_tablet sc_layouts_hide_on_mobile sc_fly_static elementor-widget elementor-widget-spacer\" data-id=\"cfabe9e\" data-element_type=\"widget\" data-e-type=\"widget\" data-widget_type=\"spacer.default\">\n\t\t\t\t<div class=\"elementor-widget-container\">\n\t\t\t\t\t\t\t<div class=\"elementor-spacer\">\n\t\t\t<div class=\"elementor-spacer-inner\"><\/div>\n\t\t<\/div>\n\t\t\t\t\t\t<\/div>\n\t\t\t\t<\/div>\n\t\t\t\t<div class=\"elementor-element elementor-element-2c7afdcd sc_height_huge sc_fly_static elementor-widget elementor-widget-spacer\" data-id=\"2c7afdcd\" data-element_type=\"widget\" data-e-type=\"widget\" data-widget_type=\"spacer.default\">\n\t\t\t\t<div class=\"elementor-widget-container\">\n\t\t\t\t\t\t\t<div class=\"elementor-spacer\">\n\t\t\t<div class=\"elementor-spacer-inner\"><\/div>\n\t\t<\/div>\n\t\t\t\t\t\t<\/div>\n\t\t\t\t<\/div>\n\t\t\t\t\t<\/div>\n\t\t<\/div>\n\t\t\t\t\t<\/div>\n\t\t<\/section>\n\t\t\t\t<\/div>\n\t\t","protected":false},"excerpt":{"rendered":"<p>Korfu Paragliding Tandemfl\u00fcge auf Korfu Was wir tun Unsere Leistungen Tandem-Paragliding ist f\u00fcr alle geeignet \u2013 es sind keine Vorkenntnisse oder besonderen F\u00e4higkeiten erforderlich. Ob es dein erster Flug, ein&hellip;<\/p>\n","protected":false},"author":1,"featured_media":0,"parent":0,"menu_order":0,"comment_status":"closed","ping_status":"closed","template":"","meta":{"footnotes":""},"class_list":["post-23011","page","type-page","status-publish","hentry"],"aioseo_notices":[],"_links":{"self":[{"href":"https:\/\/corfuparagliding.com\/de\/wp-json\/wp\/v2\/pages\/23011","targetHints":{"allow":["GET"]}}],"collection":[{"href":"https:\/\/corfuparagliding.com\/de\/wp-json\/wp\/v2\/pages"}],"about":[{"href":"https:\/\/corfuparagliding.com\/de\/wp-json\/wp\/v2\/types\/page"}],"author":[{"embeddable":true,"href":"https:\/\/corfuparagliding.com\/de\/wp-json\/wp\/v2\/users\/1"}],"replies":[{"embeddable":true,"href":"https:\/\/corfuparagliding.com\/de\/wp-json\/wp\/v2\/comments?post=23011"}],"version-history":[{"count":9,"href":"https:\/\/corfuparagliding.com\/de\/wp-json\/wp\/v2\/pages\/23011\/revisions"}],"predecessor-version":[{"id":23259,"href":"https:\/\/corfuparagliding.com\/de\/wp-json\/wp\/v2\/pages\/23011\/revisions\/23259"}],"wp:attachment":[{"href":"https:\/\/corfuparagliding.com\/de\/wp-json\/wp\/v2\/media?parent=23011"}],"curies":[{"name":"wp","href":"https:\/\/api.w.org\/{rel}","templated":true}]}}